{"id":1211,"date":"2016-09-05T20:07:42","date_gmt":"2016-09-05T20:07:42","guid":{"rendered":"http:\/\/demos.famethemes.com\/screenr\/?page_id=16"},"modified":"2019-02-12T17:14:30","modified_gmt":"2019-02-12T16:14:30","slug":"responsive-web-design","status":"publish","type":"page","link":"http:\/\/daniel-baumann.net\/?page_id=1211","title":{"rendered":"Recherchen"},"content":{"rendered":"\n<div class=\"wp-block-columns has-2-columns\">\n<div class=\"wp-block-column\">\n<h2>Scoops<\/h2>\n\n\n\n<p>Der Ausdruck <strong>Scoop<\/strong> bezeichnet in der Sprache der   Medienschaffenden eine exklusive Meldung. Sie macht im besten Fall   Schlagzeilen, weil andere Medien sie f\u00fcr so wichtig halten, dass sie die   Nachricht ebenfalls verbreiten. Und wie landet man einen Scoop? Es braucht gute Fachkenntnisse, exzellente Netzwerke und den Willen, stets   nach neuen Informationen zu suchen. Mit etwas Gl\u00fcck ist die eigene   Nachricht dann am n\u00e4chsten Tag in vielen Medien wieder zu finden. Zum   Beispiel so wie in diesen F\u00e4llen:  <\/p>\n\n\n\n<p><\/p>\n<\/div>\n\n\n\n<div class=\"wp-block-column\">\n<blockquote class=\"wp-block-quote is-style-default\"><p>\u00abErste Krankenkasse erhebt Zusatzbeitrag\u00bb<\/p><cite><a href=\"http:\/\/www.spiegel.de\/wirtschaft\/soziales\/gesundheitsfonds-erste-krankenkasse-erhebt-zusatzbeitrag-a-643582.html\" target=\"_blank\" rel=\"noreferrer noopener\" aria-label=\"Spiegel Online, 18. August 2009 (\u00f6ffnet in neuem Tab)\">Spiegel Online, 18. August 2009<\/a><\/cite><\/blockquote>\n\n\n\n<blockquote class=\"wp-block-quote\"><p>\u00abBayer vor Milliarden-Kauf in Norwegen\u00bb<\/p><cite><a rel=\"noreferrer noopener\" aria-label=\"Frankfurter Allgemeine Zeitung, 26. November 2013 (\u00f6ffnet in neuem Tab)\" href=\"https:\/\/www.faz.net\/aktuell\/wirtschaft\/unternehmen\/pharmaindustrie-bayer-vor-milliarden-kauf-in-norwegen-12681432.html\" target=\"_blank\">Frankfurter Allgemeine Zeitung, 26. November 2013<\/a><\/cite><\/blockquote>\n\n\n\n<blockquote class=\"wp-block-quote\"><p>&#8222;Post spart! Briefe brauchen im Sommer l\u00e4nger.&#8220;<\/p><cite> Bild, Seite 1, 19. August 2009 <\/cite><\/blockquote>\n\n\n\n<blockquote class=\"wp-block-quote is-style-default\"><p><em>\u00abHersteller-Skandal: Nacktscanner-Einsatz wieder fraglich\u00bb<\/em><\/p><cite><a href=\"https:\/\/www.focus.de\/politik\/deutschland\/hersteller-skandal-nacktscanner-einsatz-wieder-fraglich_aid_540408.html\" target=\"_blank\" rel=\"noreferrer noopener\" aria-label=\"Focus.de, 11. August 2010 (\u00f6ffnet in neuem Tab)\">Focus.de, 11. August 2010<\/a><\/cite><\/blockquote>\n\n\n\n<blockquote class=\"wp-block-quote\"><p>Bundesamt warnt vor Googles Browser Chrome<\/p><cite><a rel=\"noreferrer noopener\" aria-label=\"Tagesschau, 06.09.2008 (\u00f6ffnet in neuem Tab)\" href=\"https:\/\/www.tagesschau.de\/multimedia\/video\/video373976.html\" target=\"_blank\">Tagesschau, 06.09.2008<\/a><\/cite><\/blockquote>\n\n\n\n<blockquote class=\"wp-block-quote is-style-default\"><p>\u00abKrankenkassen sollen Finanzen offenlegen\u00bb<\/p><cite><a href=\"http:\/\/www.manager-magazin.de\/politik\/deutschland\/a-774398.html\" target=\"_blank\" rel=\"noreferrer noopener\" aria-label=\"Manager-Magazin.de, 14. Juli 2011 (\u00f6ffnet in neuem Tab)\">Manager-Magazin.de, 14. Juli 2011<\/a><br><\/cite><\/blockquote>\n<\/div>\n<\/div>\n\n\n\n<div style=\"height:100px\" aria-hidden=\"true\" class=\"wp-block-spacer\"><\/div>\n\n\n\n<div class=\"wp-block-columns has-2-columns\">\n<div class=\"wp-block-column\">\n<h2>Recherche<\/h2>\n\n\n\n<p>Hintergr\u00fcndige Texte, die Zusammenh\u00e4nge aufzeigen und Dinge in einem neuen Licht pr\u00e4sentieren, versprechen dem Leser Erkenntnisgewinn. Wie wird die Verbreitung der Gentechnik vorangetrieben? Wie funktioniert eigentlich ein Krankenhaus? Wie reich ist ein Diktator? Wieso fehlen in Deutschland pl\u00f6tzlich Arzneimittel?<br><\/p>\n\n\n\n<p><\/p>\n<\/div>\n\n\n\n<div class=\"wp-block-column\">\n<p>  \u00abImmer h\u00e4ufiger fehlen auch bei uns lebenswichtige Arzneimittel\u00bb  ZD  \u00abChefarztvertr\u00e4ge gef\u00e4hrden Ihre Gesundheit\u00bb  Spiegel Online, 16. Juli 2012  F Heute, 2. Juli 2012  <\/p>\n<\/div>\n<\/div>\n\n\n\n<div class=\"wp-block-columns has-2-columns\">\n<div class=\"wp-block-column\"><\/div>\n\n\n\n<div class=\"wp-block-column\"><\/div>\n<\/div>\n\n\n\n<p><br><\/p>\n","protected":false},"excerpt":{"rendered":"<p>Journalismus ist besonders stark, wenn er selber Themen setzt statt der Agenda von Politik und Wirtschaft nachzuhecheln. Wenn er Missst\u00e4nde aufdeckt, Zusammenh\u00e4nge zeigt und die wirklich wichtigen Fragen stellt. Und schlie\u00dflich gilt auch: Es gibt keine bessere Nachricht als eine exklusive Nachricht. <\/p>\n","protected":false},"author":2,"featured_media":0,"parent":0,"menu_order":0,"comment_status":"closed","ping_status":"closed","template":"","meta":[],"_links":{"self":[{"href":"http:\/\/daniel-baumann.net\/index.php?rest_route=\/wp\/v2\/pages\/1211"}],"collection":[{"href":"http:\/\/daniel-baumann.net\/index.php?rest_route=\/wp\/v2\/pages"}],"about":[{"href":"http:\/\/daniel-baumann.net\/index.php?rest_route=\/wp\/v2\/types\/page"}],"author":[{"embeddable":true,"href":"http:\/\/daniel-baumann.net\/index.php?rest_route=\/wp\/v2\/users\/2"}],"replies":[{"embeddable":true,"href":"http:\/\/daniel-baumann.net\/index.php?rest_route=%2Fwp%2Fv2%2Fcomments&post=1211"}],"version-history":[{"count":42,"href":"http:\/\/daniel-baumann.net\/index.php?rest_route=\/wp\/v2\/pages\/1211\/revisions"}],"predecessor-version":[{"id":1501,"href":"http:\/\/daniel-baumann.net\/index.php?rest_route=\/wp\/v2\/pages\/1211\/revisions\/1501"}],"wp:attachment":[{"href":"http:\/\/daniel-baumann.net\/index.php?rest_route=%2Fwp%2Fv2%2Fmedia&parent=1211"}],"curies":[{"name":"wp","href":"https:\/\/api.w.org\/{rel}","templated":true}]}}