{"id":1438,"date":"2019-02-11T15:11:19","date_gmt":"2019-02-11T14:11:19","guid":{"rendered":"http:\/\/daniel-baumann.net\/?page_id=1438"},"modified":"2019-02-11T18:10:52","modified_gmt":"2019-02-11T17:10:52","slug":"impressum","status":"publish","type":"page","link":"http:\/\/daniel-baumann.net\/?page_id=1438","title":{"rendered":"Impressum"},"content":{"rendered":"\n<h3>ViSdP:<\/h3>\n\n\n\n<p>Daniel Baumann<br>Mainzer Landstra\u00dfe 197a<br>60326 Frankfurt am Main<br><br>Kontakt: kontakt@daniel-baumann.net<\/p>\n\n\n\n<h3>Haftungsausschluss<\/h3>\n\n\n\n<p><em>Vorbemerkung: Diese Website wurde mit gr\u00f6\u00dftm\u00f6glicher Sorgfalt erstellt. Sollten Sie dennoch Ihre Rechte verletzt sehen, nehmen Sie bitte als Erstes &#8211; bevor Sie etwaige andere Schritte gehen &#8211; Kontakt zu uns auf, damit wir das Problem im gegenseitigen Einvernehmen kl\u00e4ren k\u00f6nnen.<\/em><\/p>\n\n\n\n<p>Obwohl die Inhalte f\u00fcr diese Website mit gr\u00f6\u00dftm\u00f6glicher Sorgfalt erstellt wurden, \u00fcbernehmen wir keine Gew\u00e4hr f\u00fcr ihre Richtigkeit, Vollst\u00e4ndigkeit oder Aktualit\u00e4t. Die Nutzerinnen und Nutzer der Website nutzen die Inhalte auf eigene Gefahr. Es kommt durch die Nutzung der Website kein Vertragsverh\u00e4ltnis zum ViSdP zustande. Haftungsanspr\u00fcche gegen\u00fcber dem Anbieter sind grunds\u00e4tzlich ausgeschlossen, es sei denn, es liegt nachweislich vors\u00e4tzliches oder grob fahrl\u00e4ssiges Verhalten vor. Die Seite und ihre Inhalte k\u00f6nnen sich jederzeit ver\u00e4ndern ohne dass dies kenntlich gemacht w\u00fcrde. Dazu geh\u00f6rt auch die L\u00f6schung von Inhalten oder der gesamten Website.<\/p>\n\n\n\n<h4>2. Externe Links<\/h4>\n\n\n\n<p>F\u00fcr Inhalte, die durch Links auf Websiten au\u00dferhalb der Domain www.daniel-baumann.net zug\u00e4nglich gemacht werden, wird keinerlei Haftung \u00fcbernommen. Zum Zeitpunkt der Verlinkung lagen keine erkennbaren Rechtsverst\u00f6\u00dfe vor. Eine Verlinkung bedeutet nicht, dass wir uns dem Angebot inhaltlich anschlie\u00dfen. F\u00fcr Hinweise auf Rechtsverst\u00f6\u00dfe sind wir dankbar. Wir werden diesen nachgehen und Links gegebenenfalls l\u00f6schen.<\/p>\n\n\n\n<h4>3. Urheber- und Leistungsschutzrechte<\/h4>\n\n\n\n<p>Die Inhalte dieser Website unterliegen dem deutschen Urheber- und Leistungsschutzrecht. Jede vom deutschen Urheber- und  Leistungsschutzrecht nicht zugelassene Verwertung bedarf der vorherigen  schriftlichen Zustimmung des Autors oder des jeweiligen Rechteinhabers.<\/p>\n\n\n\n<h4>4. Datenschutz<\/h4>\n\n\n\n<p>Informationen dazu finden Sie <a href=\"http:\/\/daniel-baumann.net\/?page_id=1447\" target=\"_blank\" rel=\"noreferrer noopener\" aria-label=\"hier (\u00f6ffnet in neuem Tab)\">hier<\/a>.<\/p>\n\n\n\n<h4>5. Rechtswirksamkeit dieses Haftungsausschlusses<\/h4>\n\n\n\n<p>Dieser Haftungsausschluss gilt f\u00fcr die Domain www.daniel-baumann.net und die jeweiligen Unterseiten. Sollten Teile des Textes nicht mehr der g\u00fcltigen Rechtslage entsprechen, bleibt die G\u00fcltigkeit der restlichen Teile davon unber\u00fchrt.<\/p>\n","protected":false},"excerpt":{"rendered":"<p>ViSdP: Daniel BaumannMainzer Landstra\u00dfe 197a60326 Frankfurt am Main Kontakt: kontakt@daniel-baumann.net Haftungsausschluss Vorbemerkung: Diese Website wurde mit gr\u00f6\u00dftm\u00f6glicher Sorgfalt erstellt. Sollten Sie dennoch Ihre Rechte verletzt sehen, nehmen Sie bitte als Erstes &#8211; bevor Sie etwaige andere Schritte gehen &#8211; Kontakt zu uns auf, damit wir das Problem im gegenseitigen Einvernehmen&#8230;<\/p>\n","protected":false},"author":1,"featured_media":0,"parent":0,"menu_order":0,"comment_status":"closed","ping_status":"closed","template":"","meta":[],"_links":{"self":[{"href":"http:\/\/daniel-baumann.net\/index.php?rest_route=\/wp\/v2\/pages\/1438"}],"collection":[{"href":"http:\/\/daniel-baumann.net\/index.php?rest_route=\/wp\/v2\/pages"}],"about":[{"href":"http:\/\/daniel-baumann.net\/index.php?rest_route=\/wp\/v2\/types\/page"}],"author":[{"embeddable":true,"href":"http:\/\/daniel-baumann.net\/index.php?rest_route=\/wp\/v2\/users\/1"}],"replies":[{"embeddable":true,"href":"http:\/\/daniel-baumann.net\/index.php?rest_route=%2Fwp%2Fv2%2Fcomments&post=1438"}],"version-history":[{"count":2,"href":"http:\/\/daniel-baumann.net\/index.php?rest_route=\/wp\/v2\/pages\/1438\/revisions"}],"predecessor-version":[{"id":1455,"href":"http:\/\/daniel-baumann.net\/index.php?rest_route=\/wp\/v2\/pages\/1438\/revisions\/1455"}],"wp:attachment":[{"href":"http:\/\/daniel-baumann.net\/index.php?rest_route=%2Fwp%2Fv2%2Fmedia&parent=1438"}],"curies":[{"name":"wp","href":"https:\/\/api.w.org\/{rel}","templated":true}]}}